{"id":3,"date":"2019-01-22T09:12:31","date_gmt":"2019-01-22T08:12:31","guid":{"rendered":"https:\/\/www.krummi.at\/?page_id=3"},"modified":"2020-08-01T12:28:46","modified_gmt":"2020-08-01T10:28:46","slug":"datenschutzerklaerung","status":"publish","type":"page","link":"https:\/\/www.krummi.at\/en\/datenschutzerklaerung\/","title":{"rendered":"Datenschutzerkl\u00e4rung"},"content":{"rendered":"\n<p>in german only<\/p>\n\n\n\n<h2 class=\"wp-block-heading\">Datenschutz<\/h2>\n\n\n\n<p>Die Betreiber dieser Seiten nehmen den Schutz Ihrer pers\u00f6nlichen Daten sehr\nernst. Wir behandeln Ihre personenbezogenen Daten vertraulich und entsprechend\nder gesetzlichen Datenschutzvorschriften sowie dieser Datenschutzerkl\u00e4rung.<\/p>\n\n\n\n<p>Die Nutzung unserer Webseite ist in der Regel ohne Angabe personenbezogener\nDaten m\u00f6glich. Soweit auf unseren Seiten personenbezogene Daten (beispielsweise\nName, Anschrift oder E-Mail-Adressen) erhoben werden, erfolgt dies, soweit\nm\u00f6glich, stets auf freiwilliger Basis. Diese Daten werden ohne Ihre\nausdr\u00fcckliche Zustimmung nicht an Dritte weitergegeben.<\/p>\n\n\n\n<p>Wir weisen darauf hin, dass die Daten\u00fcbertragung im Internet (z.B. bei der\nKommunikation per E-Mail) Sicherheitsl\u00fccken aufweisen kann. Ein l\u00fcckenloser\nSchutz der Daten vor dem Zugriff durch Dritte ist nicht m\u00f6glich.<\/p>\n\n\n\n<h2 class=\"wp-block-heading\">Datenschutzerkl\u00e4rung f\u00fcr die Nutzung von etracker<\/h2>\n\n\n\n<p>Unsere Webseite nutzt den Analysedienst etracker. Anbieter ist die etracker\nGmbH, Erste Brunnenstra\u00dfe 1, 20459 Hamburg Germany. Aus den Daten k\u00f6nnen unter\neinem Pseudonym Nutzungsprofile erstellt werden. Dazu k\u00f6nnen Cookies eingesetzt\nwerden. Bei Cookies handelt es sich um kleine Textdateien, die lokal im\nZwischenspeicher Ihres Internet-Browsers gespeichert werden. Die Cookies\nerm\u00f6glichen es, Ihren Browser wieder zu erkennen. Die mit den\netracker-Technologien erhobenen Daten werden ohne die gesondert erteilte\nZustimmung des Betroffenen nicht genutzt, Besucher unserer Website pers\u00f6nlich\nzu identifizieren und werden nicht mit personenbezogenen Daten \u00fcber den Tr\u00e4ger\ndes Pseudonyms zusammengef\u00fchrt.<\/p>\n\n\n\n<p>Der Datenerhebung und -speicherung k\u00f6nnen Sie jederzeit mit Wirkung f\u00fcr die\nZukunft widersprechen. Um einer Datenerhebung und -speicherung Ihrer\nBesucherdaten f\u00fcr die Zukunft zu widersprechen, k\u00f6nnen Sie unter nachfolgendem\nLink ein Opt-Out-Cookie von etracker beziehen, dieser bewirkt, dass zuk\u00fcnftig\nkeine Besucherdaten Ihres Browsers bei etracker erhoben und gespeichert werden:\n<a href=\"http:\/\/www.etracker.de\/privacy?et=V23Jbb\">http:\/\/www.etracker.de\/privacy?et=V23Jbb<\/a><\/p>\n\n\n\n<p>Dadurch wird ein Opt-Out-Cookie mit dem Namen \u201ecntcookie\u201c von etracker\ngesetzt. Bitte l\u00f6schen Sie diesen Cookie nicht, solange Sie Ihren Widerspruch\naufrecht erhalten m\u00f6chten. Weitere Informationen finden Sie in den\nDatenschutzbestimmungen von etracker: <a href=\"http:\/\/www.etracker.com\/de\/datenschutz.html\">http:\/\/www.etracker.com\/de\/datenschutz.html<\/a><\/p>\n\n\n\n<h2 class=\"wp-block-heading\">Datenschutzerkl\u00e4rung f\u00fcr die Nutzung von Facebook-Plugins (Like-Button)<\/h2>\n\n\n\n<p>Auf unseren Seiten sind Plugins des sozialen Netzwerks Facebook, Anbieter\nFacebook Inc., 1 Hacker Way, Menlo Park, California 94025, USA, integriert. Die\nFacebook-Plugins erkennen Sie an dem Facebook-Logo oder dem \u201eLike-Button\u201c\n(\u201eGef\u00e4llt mir\u201c) auf unserer Seite. Eine \u00fcbersicht \u00fcber die Facebook-Plugins\nfinden Sie hier: <a href=\"http:\/\/developers.facebook.com\/docs\/plugins\/\">http:\/\/developers.facebook.com\/docs\/plugins\/<\/a>.<\/p>\n\n\n\n<p>Wenn Sie unsere Seiten besuchen, wird \u00fcber das Plugin eine direkte\nVerbindung zwischen Ihrem Browser und dem Facebook-Server hergestellt. Facebook\nerh\u00e4lt dadurch die Information, dass Sie mit Ihrer IP-Adresse unsere Seite\nbesucht haben. Wenn Sie den Facebook \u201eLike-Button\u201c anklicken w\u00e4hrend Sie in\nIhrem Facebook-Account eingeloggt sind, k\u00f6nnen Sie die Inhalte unserer Seiten\nauf Ihrem Facebook-Profil verlinken. Dadurch kann Facebook den Besuch unserer\nSeiten Ihrem Benutzerkonto zuordnen. Wir weisen darauf hin, dass wir als\nAnbieter der Seiten keine Kenntnis vom Inhalt der \u00fcbermittelten Daten sowie\nderen Nutzung durch Facebook erhalten. Weitere Informationen hierzu finden Sie\nin der Datenschutzerkl\u00e4rung von Facebook unter <a href=\"http:\/\/de-de.facebook.com\/policy.php\">http:\/\/de-de.facebook.com\/policy.php<\/a>.<\/p>\n\n\n\n<p>Wenn Sie nicht w\u00fcnschen, dass Facebook den Besuch unserer Seiten Ihrem\nFacebook-Nutzerkonto zuordnen kann, loggen Sie sich bitte aus Ihrem\nFacebook-Benutzerkonto aus.<\/p>\n\n\n\n<h2 class=\"wp-block-heading\">Datenschutzerkl\u00e4rung f\u00fcr die Nutzung von Instagram<\/h2>\n\n\n\n<p>Auf unseren Seiten sind Funktionen des Dienstes Instagram eingebunden. Diese\nFunktionen werden angeboten durch die Instagram Inc., 1601 Willow Road, Menlo\nPark, CA, 94025, USA integriert. Wenn Sie in Ihrem Instagram \u2013 Account\neingeloggt sind k\u00f6nnen Sie durch Anklicken des Instagram \u2013 Buttons die Inhalte\nunserer Seiten mit Ihrem Instagram \u2013 Profil verlinken. Dadurch kann Instagram\nden Besuch unserer Seiten Ihrem Benutzerkonto zuordnen. Wir weisen darauf hin,\ndass wir als Anbieter der Seiten keine Kenntnis vom Inhalt der \u00fcbermittelten\nDaten sowie deren Nutzung durch Instagram erhalten.<\/p>\n\n\n\n<p>Weitere Informationen hierzu finden Sie in der Datenschutzerkl\u00e4rung von\nInstagram: <a href=\"http:\/\/instagram.com\/about\/legal\/privacy\/\">http:\/\/instagram.com\/about\/legal\/privacy\/<\/a><\/p>\n\n\n\n<h2 class=\"wp-block-heading\">Datenschutzerkl\u00e4rung f\u00fcr die Nutzung von LinkedIn<\/h2>\n\n\n\n<p>Unsere Website nutzt Funktionen des Netzwerks LinkedIn. Anbieter ist die\nLinkedIn Corporation, 2029 Stierlin Court, Mountain View, CA 94043, USA. Bei\njedem Abruf einer unserer Seiten, die Funktionen von LinkedIn enth\u00e4lt, wird\neine Verbindung zu Servern von LinkedIn aufbaut. LinkedIn wird dar\u00fcber\ninformiert, dass Sie unsere Internetseiten mit Ihrer IP-Adresse besucht haben.\nWenn Sie den \u201eRecommend-Button\u201c von LinkedIn anklicken und in Ihrem Account bei\nLinkedIn eingeloggt sind, ist es LinkedIn m\u00f6glich, Ihren Besuch auf unserer\nInternetseite Ihnen und Ihrem Benutzerkonto zuzuordnen. Wir weisen darauf hin,\ndass wir als Anbieter der Seiten keine Kenntnis vom Inhalt der \u00fcbermittelten\nDaten sowie deren Nutzung durch LinkedIn haben.<\/p>\n\n\n\n<p>Weitere Informationen hierzu finden Sie in der Datenschutzerkl\u00e4rung von\nLinkedIn unter: <a href=\"https:\/\/www.linkedin.com\/legal\/privacy-policy\">https:\/\/www.linkedin.com\/legal\/privacy-policy<\/a><\/p>\n\n\n\n<h2 class=\"wp-block-heading\">Datenschutzerkl\u00e4rung f\u00fcr die Nutzung von Twitter<\/h2>\n\n\n\n<p>Auf unseren Seiten sind Funktionen des Dienstes Twitter eingebunden. Diese\nFunktionen werden angeboten durch die Twitter Inc., 1355 Market Street, Suite\n900, San Francisco, CA 94103, USA. Durch das Benutzen von Twitter und der\nFunktion \u201eRe-Tweet\u201c werden die von Ihnen besuchten Webseiten mit Ihrem\nTwitter-Account verkn\u00fcpft und anderen Nutzern bekannt gegeben. Dabei werden auch\nDaten an Twitter \u00fcbertragen. Wir weisen darauf hin, dass wir als Anbieter der\nSeiten keine Kenntnis vom Inhalt der \u00fcbermittelten Daten sowie deren Nutzung\ndurch Twitter erhalten. Weitere Informationen hierzu finden Sie in der\nDatenschutzerkl\u00e4rung von Twitter unter <a href=\"http:\/\/twitter.com\/privacy\">http:\/\/twitter.com\/privacy<\/a>.<\/p>\n\n\n\n<p>Ihre Datenschutzeinstellungen bei Twitter k\u00f6nnen Sie in den\nKonto-Einstellungen unter <a href=\"http:\/\/twitter.com\/account\/settings\">http:\/\/twitter.com\/account\/settings<\/a>\n\u00e4ndern.<\/p>\n\n\n\n<h2 class=\"wp-block-heading\">Datenschutzerkl\u00e4rung f\u00fcr die Nutzung von YouTube<\/h2>\n\n\n\n<p>Unsere Webseite nutzt Plugins der von Google betriebenen Seite YouTube.\nBetreiber der Seiten ist die YouTube, LLC, 901 Cherry Ave., San Bruno, CA\n94066, USA. Wenn Sie eine unserer mit einem YouTube-Plugin ausgestatteten\nSeiten besuchen, wird eine Verbindung zu den Servern von YouTube hergestellt.\nDabei wird dem Youtube-Server mitgeteilt, welche unserer Seiten Sie besucht\nhaben.<\/p>\n\n\n\n<p>Wenn Sie in Ihrem YouTube-Account eingeloggt sind erm\u00f6glichen Sie YouTube,\nIhr Surfverhalten direkt Ihrem pers\u00f6nlichen Profil zuzuordnen. Dies k\u00f6nnen Sie\nverhindern, indem Sie sich aus Ihrem YouTube-Account ausloggen.<\/p>\n\n\n\n<p>Weitere Informationen zum Umgang von Nutzerdaten finden Sie in der\nDatenschutzerkl\u00e4rung von YouTube unter <a href=\"https:\/\/www.google.de\/intl\/de\/policies\/privacy\">https:\/\/www.google.de\/intl\/de\/policies\/privacy<\/a><\/p>\n\n\n\n<h2 class=\"wp-block-heading\">Cookies<\/h2>\n\n\n\n<p>Die Internetseiten verwenden teilweise so genannte Cookies. Cookies richten\nauf Ihrem Rechner keinen Schaden an und enthalten keine Viren. Cookies dienen\ndazu, unser Angebot nutzerfreundlicher, effektiver und sicherer zu machen.\nCookies sind kleine Textdateien, die auf Ihrem Rechner abgelegt werden und die\nIhr Browser speichert.<\/p>\n\n\n\n<p>Die meisten der von uns verwendeten Cookies sind so genannte \u201eSession-Cookies\u201c.\nSie werden nach Ende Ihres Besuchs automatisch gel\u00f6scht. Andere Cookies bleiben\nauf Ihrem Endger\u00e4t gespeichert, bis Sie diese l\u00f6schen. Diese Cookies\nerm\u00f6glichen es uns, Ihren Browser beim n\u00e4chsten Besuch wiederzuerkennen.<\/p>\n\n\n\n<p>Sie k\u00f6nnen Ihren Browser so einstellen, dass Sie \u00fcber das Setzen von Cookies\ninformiert werden und Cookies nur im Einzelfall erlauben, die Annahme von\nCookies f\u00fcr bestimmte F\u00e4lle oder generell ausschlie\u00dfen sowie das automatische\nL\u00f6schen der Cookies beim Schlie\u00dfen des Browser aktivieren. Bei der\nDeaktivierung von Cookies kann die Funktionalit\u00e4t dieser Website eingeschr\u00e4nkt\nsein.<\/p>\n\n\n\n<h2 class=\"wp-block-heading\">Kontaktformular<\/h2>\n\n\n\n<p>Wenn Sie uns per Kontaktformular Anfragen zukommen lassen, werden Ihre\nAngaben aus dem Anfrageformular inklusive der von Ihnen dort angegebenen\nKontaktdaten zwecks Bearbeitung der Anfrage und f\u00fcr den Fall von\nAnschlussfragen bei uns gespeichert. Diese Daten geben wir nicht ohne Ihre\nEinwilligung weiter.<\/p>\n","protected":false},"excerpt":{"rendered":"<p>in german only Datenschutz Die Betreiber dieser Seiten nehmen den Schutz Ihrer pers\u00f6nlichen Daten sehr ernst. Wir behandeln Ihre personenbezogenen Daten vertraulich und entsprechend der gesetzlichen Datenschutzvorschriften sowie dieser Datenschutzerkl\u00e4rung. Die Nutzung unserer Webseite ist in der Regel ohne Angabe personenbezogener Daten m\u00f6glich. Soweit auf unseren Seiten personenbezogene Daten (beispielsweise Name, Anschrift oder E-Mail-Adressen) erhoben [&hellip;]<\/p>\n","protected":false},"author":1,"featured_media":0,"parent":0,"menu_order":0,"comment_status":"closed","ping_status":"open","template":"","meta":{"footnotes":""},"class_list":["post-3","page","type-page","status-publish","hentry"],"translation":{"provider":"WPGlobus","version":"3.0.1","language":"en","enabled_languages":["de","en"],"languages":{"de":{"title":true,"content":true,"excerpt":false},"en":{"title":true,"content":true,"excerpt":false}}},"_links":{"self":[{"href":"https:\/\/www.krummi.at\/en\/wp-json\/wp\/v2\/pages\/3","targetHints":{"allow":["GET"]}}],"collection":[{"href":"https:\/\/www.krummi.at\/en\/wp-json\/wp\/v2\/pages"}],"about":[{"href":"https:\/\/www.krummi.at\/en\/wp-json\/wp\/v2\/types\/page"}],"author":[{"embeddable":true,"href":"https:\/\/www.krummi.at\/en\/wp-json\/wp\/v2\/users\/1"}],"replies":[{"embeddable":true,"href":"https:\/\/www.krummi.at\/en\/wp-json\/wp\/v2\/comments?post=3"}],"version-history":[{"count":3,"href":"https:\/\/www.krummi.at\/en\/wp-json\/wp\/v2\/pages\/3\/revisions"}],"predecessor-version":[{"id":92,"href":"https:\/\/www.krummi.at\/en\/wp-json\/wp\/v2\/pages\/3\/revisions\/92"}],"wp:attachment":[{"href":"https:\/\/www.krummi.at\/en\/wp-json\/wp\/v2\/media?parent=3"}],"curies":[{"name":"wp","href":"https:\/\/api.w.org\/{rel}","templated":true}]}}