{"id":409,"date":"2019-02-28T21:25:55","date_gmt":"2019-02-28T20:25:55","guid":{"rendered":"https:\/\/www.krummi.at\/?page_id=409"},"modified":"2019-03-01T23:00:12","modified_gmt":"2019-03-01T22:00:12","slug":"audio","status":"publish","type":"page","link":"https:\/\/www.krummi.at\/en\/medien\/audio\/","title":{"rendered":"Audio"},"content":{"rendered":"\n<p>\u00c1 Sprengisandi &#8211; Ridum<br>Sigvaldi Kaldal\u00f3ns, Arr. Roman Pechman, Peter Andritsch<\/p>\n\n\n\n<figure class=\"wp-block-audio\"><audio controls src=\"https:\/\/www.krummi.at\/wp-content\/uploads\/2019\/02\/01_A_Sprengisandi_Ridum_Krummi_IcelandAustrianMusic_2017.mp3\"><\/audio><\/figure>\n\n\n\n<div style=\"height:40px\" aria-hidden=\"true\" class=\"wp-block-spacer\"><\/div>\n\n\n\n<p>S\u00ed\u00f0asti Dans op. 44. Nr. 3<br>Karl. \u00d3. Run\u00f3lfsson, Arr. Roman Pechman<\/p>\n\n\n\n<figure class=\"wp-block-audio\"><audio controls src=\"https:\/\/www.krummi.at\/wp-content\/uploads\/2019\/02\/02_Sidasti_dans_Krummi_IcelandAustrianMusic_2017.mp3\"><\/audio><\/figure>\n","protected":false},"excerpt":{"rendered":"<p>\u00c1 Sprengisandi &#8211; RidumSigvaldi Kaldal\u00f3ns, Arr. Roman Pechman, Peter Andritsch S\u00ed\u00f0asti Dans op. 44. Nr. 3Karl. \u00d3. Run\u00f3lfsson, Arr. Roman Pechman<\/p>\n","protected":false},"author":1,"featured_media":0,"parent":423,"menu_order":3,"comment_status":"closed","ping_status":"closed","template":"","meta":{"footnotes":""},"class_list":["post-409","page","type-page","status-publish","hentry"],"translation":{"provider":"WPGlobus","version":"3.0.1","language":"en","enabled_languages":["de","en"],"languages":{"de":{"title":true,"content":true,"excerpt":false},"en":{"title":false,"content":false,"excerpt":false}}},"_links":{"self":[{"href":"https:\/\/www.krummi.at\/en\/wp-json\/wp\/v2\/pages\/409","targetHints":{"allow":["GET"]}}],"collection":[{"href":"https:\/\/www.krummi.at\/en\/wp-json\/wp\/v2\/pages"}],"about":[{"href":"https:\/\/www.krummi.at\/en\/wp-json\/wp\/v2\/types\/page"}],"author":[{"embeddable":true,"href":"https:\/\/www.krummi.at\/en\/wp-json\/wp\/v2\/users\/1"}],"replies":[{"embeddable":true,"href":"https:\/\/www.krummi.at\/en\/wp-json\/wp\/v2\/comments?post=409"}],"version-history":[{"count":2,"href":"https:\/\/www.krummi.at\/en\/wp-json\/wp\/v2\/pages\/409\/revisions"}],"predecessor-version":[{"id":416,"href":"https:\/\/www.krummi.at\/en\/wp-json\/wp\/v2\/pages\/409\/revisions\/416"}],"up":[{"embeddable":true,"href":"https:\/\/www.krummi.at\/en\/wp-json\/wp\/v2\/pages\/423"}],"wp:attachment":[{"href":"https:\/\/www.krummi.at\/en\/wp-json\/wp\/v2\/media?parent=409"}],"curies":[{"name":"wp","href":"https:\/\/api.w.org\/{rel}","templated":true}]}}