{"id":73,"date":"2019-01-22T19:26:06","date_gmt":"2019-01-22T18:26:06","guid":{"rendered":"https:\/\/www.krummi.at\/?page_id=73"},"modified":"2019-03-01T21:51:01","modified_gmt":"2019-03-01T20:51:01","slug":"presse","status":"publish","type":"page","link":"https:\/\/www.krummi.at\/en\/presse\/","title":{"rendered":"Reviews"},"content":{"rendered":"\n<p><\/p>\n\n\n\n<p><\/p>\n\n\n\n<h3 class=\"wp-block-heading\">Press Reviews <br>Island-Tour 2018<\/h3>\n\n\n\n<div class=\"wp-block-image\"><figure class=\"alignleft\"><a href=\"https:\/\/www.krummi.at\/wp-content\/uploads\/2019\/02\/islandPress_morgenbladid_20180704_s32_4994_web.jpg\" data-rel=\"lightbox-gallery-0hauMW1q\" data-rl_title=\"Morgunbla\u00f0i\u00f0 4.J\u00fal\u00ed 2018, S.32\" data-rl_caption=\"\" title=\"Morgunbla\u00f0i\u00f0 4.J\u00fal\u00ed 2018, S.32\"><img loading=\"lazy\" decoding=\"async\" width=\"104\" height=\"300\" src=\"https:\/\/www.krummi.at\/wp-content\/uploads\/2019\/02\/islandPress_morgenbladid_20180704_s32_4994_web-104x300.jpg\" alt=\"\" class=\"wp-image-259\" srcset=\"https:\/\/www.krummi.at\/wp-content\/uploads\/2019\/02\/islandPress_morgenbladid_20180704_s32_4994_web-104x300.jpg 104w, https:\/\/www.krummi.at\/wp-content\/uploads\/2019\/02\/islandPress_morgenbladid_20180704_s32_4994_web-356x1024.jpg 356w, https:\/\/www.krummi.at\/wp-content\/uploads\/2019\/02\/islandPress_morgenbladid_20180704_s32_4994_web.jpg 695w\" sizes=\"auto, (max-width: 104px) 100vw, 104px\" \/><\/a><\/figure><\/div>\n\n\n\n<p>Morgunbla\u00f0i\u00f0 4.J\u00fal\u00ed 2018, S.32  <\/p>\n\n\n\n<div style=\"height:300px\" aria-hidden=\"true\" class=\"wp-block-spacer\"><\/div>\n\n\n\n<div class=\"wp-block-image\"><figure class=\"alignleft\"><a href=\"https:\/\/www.krummi.at\/wp-content\/uploads\/2019\/02\/islandPress_frettabladid_4794_web.jpg\" data-rel=\"lightbox-gallery-0hauMW1q\" data-rl_title=\"Fr\u00e9ttabla\u00f0i\u00f0 2018-07-03, S. 16\" data-rl_caption=\"\" title=\"Fr\u00e9ttabla\u00f0i\u00f0 2018-07-03, S. 16\"><img loading=\"lazy\" decoding=\"async\" width=\"254\" height=\"300\" src=\"https:\/\/www.krummi.at\/wp-content\/uploads\/2019\/02\/islandPress_frettabladid_4794_web-254x300.jpg\" alt=\"\" class=\"wp-image-260\" srcset=\"https:\/\/www.krummi.at\/wp-content\/uploads\/2019\/02\/islandPress_frettabladid_4794_web-254x300.jpg 254w, https:\/\/www.krummi.at\/wp-content\/uploads\/2019\/02\/islandPress_frettabladid_4794_web-768x906.jpg 768w, https:\/\/www.krummi.at\/wp-content\/uploads\/2019\/02\/islandPress_frettabladid_4794_web-868x1024.jpg 868w, https:\/\/www.krummi.at\/wp-content\/uploads\/2019\/02\/islandPress_frettabladid_4794_web.jpg 1560w\" sizes=\"auto, (max-width: 254px) 100vw, 254px\" \/><\/a><\/figure><\/div>\n\n\n\n<p>Fr\u00e9ttabla\u00f0i\u00f0 2018-07-03, S. 16 <\/p>\n\n\n\n<div style=\"height:300px\" aria-hidden=\"true\" class=\"wp-block-spacer\"><\/div>\n\n\n\n<div class=\"wp-block-image\"><figure class=\"alignleft\"><img loading=\"lazy\" decoding=\"async\" width=\"197\" height=\"300\" src=\"https:\/\/www.krummi.at\/wp-content\/uploads\/2019\/02\/grapevine_TRG_11_2018_online_s37-197x300.jpg\" alt=\"\" class=\"wp-image-261\" srcset=\"https:\/\/www.krummi.at\/wp-content\/uploads\/2019\/02\/grapevine_TRG_11_2018_online_s37-197x300.jpg 197w, https:\/\/www.krummi.at\/wp-content\/uploads\/2019\/02\/grapevine_TRG_11_2018_online_s37-768x1172.jpg 768w, https:\/\/www.krummi.at\/wp-content\/uploads\/2019\/02\/grapevine_TRG_11_2018_online_s37-671x1024.jpg 671w, https:\/\/www.krummi.at\/wp-content\/uploads\/2019\/02\/grapevine_TRG_11_2018_online_s37.jpg 1311w\" sizes=\"auto, (max-width: 197px) 100vw, 197px\" \/><\/figure><\/div>\n\n\n\n<p>Grapevine 11\/2018  <\/p>\n\n\n\n<div style=\"height:100px\" aria-hidden=\"true\" class=\"wp-block-spacer\"><\/div>\n\n\n\n<div style=\"height:250px\" aria-hidden=\"true\" class=\"wp-block-spacer\"><\/div>\n\n\n\n<p> &#8220;&#8230;diese Musik entf\u00fchrt, verzaubert und  groovt, dank der wunderbaren Stimme der Isl\u00e4nderin Ellen Freydis  Martin, die das Publikum mit ihrem charismatischen Charme auf eine  magische Reise nach Island mitnimmt. Beeindruckend, mit welcher  Leichtigkeit sich fliegende musikalische Wechsel vollziehen: von  Bodypercussion mit Gesang zu tief ber\u00fchrenden instrumentalen Passagen,  die eingebettet in die sanfte Stimme, begleitet von Violoncello,  Viola und Akkordeon, ferne Landstriche ganz nah erscheinen lassen.&#8221;  (Morgunbla\u00f0i\u00f0) <br><\/p>\n\n\n\n<div style=\"height:50px\" aria-hidden=\"true\" class=\"wp-block-spacer\"><\/div>\n\n\n\n<h3 class=\"wp-block-heading\">Publikumsreaktionen auf unser<br>\nKonzert 24.11.2017 im Theater am Spittelberg<\/h3>\n\n\n\n<p>\u201e<em>Danke f\u00fcr das wundersch\u00f6ne Konzert!!! Musikalische sinnlich poetisch\nund reichhaltig und echt, wirkliche Menschen, wirkliche T\u00f6ne, wirkliche Lieder.\nDanke<\/em>\u201c<\/p>\n\n\n\n<p>\u201e<em>[\u2026] man merkt, mit welcher Freude und Professionalit\u00e4t gespielt und\nmusiziert wird. Liebe Nora, das nimmt einen mit in deine Unbedingtheit mit dir\nund mit der Musik und mit den anderen! Danke<\/em>\u201c<\/p>\n\n\n\n<p>\u201e[\u2026] <em>danke f\u00fcrs kurzweilige Konzert gestern, ihr spielt alle ganz\nwunderbar<\/em>\u201c<\/p>\n\n\n\n<p>\u201e<em>vielen Dank noch f\u00fcr das sch\u00f6nes Konzert! Die Lieder sind tats\u00e4chlich\nfantastic und sehr sch\u00f6n musiziert. <\/em><br>\n<em>Die Weihnachtsstimmung und dieses Ort haben den ganzen Abend zus\u00e4tlich\ngezaubert. <\/em><br>\n<em>Mein Sohn war sicher, dass er die Sangerin schon im Fernsehen gesehen hatte\nund hat die Instrumente von Nora sehr gern gemocht.<\/em><br>\n<em>Ich w\u00fcnsche euch mit Krummi viel Erfolg!<\/em>\u201c<\/p>\n\n\n\n<p>\u201c<em>Danke! War ein tolles Konzert! Hat meine Islandreise mit meinen\nT\u00f6chtern wieder in Erinnerung gebracht! Tolles Land tolle Pferde Wasserf\u00e4lle\nGletscher weites einsames Gebirge warme Quellen und \u00fcberall\nThermalschwimmbecken ! Nur bitte keinen Haifisch Essen wird im Herbst beim\nletzten Sonnenstrahl eingegraben und wenn die Sonne im Fr\u00fchjahr wieder kommt\ngegessen ! Reines Amoniak ist nur mit viel Schnaps m\u00f6glich ! H\u00f6re seit ich zu\nHause bin die CD super ! Danke !\u201c<\/em><\/p>\n\n\n\n<div style=\"height:100px\" aria-hidden=\"true\" class=\"wp-block-spacer\"><\/div>\n\n\n\n<div style=\"height:100px\" aria-hidden=\"true\" class=\"wp-block-spacer\"><\/div>\n","protected":false},"excerpt":{"rendered":"<p>Press Reviews Island-Tour 2018 Morgunbla\u00f0i\u00f0 4.J\u00fal\u00ed 2018, S.32 Fr\u00e9ttabla\u00f0i\u00f0 2018-07-03, S. 16 Grapevine 11\/2018 &#8220;&#8230;diese Musik entf\u00fchrt, verzaubert und groovt, dank der wunderbaren Stimme der Isl\u00e4nderin Ellen Freydis Martin, die das Publikum mit ihrem charismatischen Charme auf eine magische Reise nach Island mitnimmt. Beeindruckend, mit welcher Leichtigkeit sich fliegende musikalische Wechsel vollziehen: von Bodypercussion mit [&hellip;]<\/p>\n","protected":false},"author":1,"featured_media":0,"parent":0,"menu_order":0,"comment_status":"closed","ping_status":"closed","template":"","meta":{"footnotes":""},"class_list":["post-73","page","type-page","status-publish","hentry"],"translation":{"provider":"WPGlobus","version":"3.0.1","language":"en","enabled_languages":["de","en"],"languages":{"de":{"title":true,"content":true,"excerpt":false},"en":{"title":true,"content":true,"excerpt":false}}},"_links":{"self":[{"href":"https:\/\/www.krummi.at\/en\/wp-json\/wp\/v2\/pages\/73","targetHints":{"allow":["GET"]}}],"collection":[{"href":"https:\/\/www.krummi.at\/en\/wp-json\/wp\/v2\/pages"}],"about":[{"href":"https:\/\/www.krummi.at\/en\/wp-json\/wp\/v2\/types\/page"}],"author":[{"embeddable":true,"href":"https:\/\/www.krummi.at\/en\/wp-json\/wp\/v2\/users\/1"}],"replies":[{"embeddable":true,"href":"https:\/\/www.krummi.at\/en\/wp-json\/wp\/v2\/comments?post=73"}],"version-history":[{"count":12,"href":"https:\/\/www.krummi.at\/en\/wp-json\/wp\/v2\/pages\/73\/revisions"}],"predecessor-version":[{"id":421,"href":"https:\/\/www.krummi.at\/en\/wp-json\/wp\/v2\/pages\/73\/revisions\/421"}],"wp:attachment":[{"href":"https:\/\/www.krummi.at\/en\/wp-json\/wp\/v2\/media?parent=73"}],"curies":[{"name":"wp","href":"https:\/\/api.w.org\/{rel}","templated":true}]}}